{"id":185,"date":"2019-02-26T17:51:16","date_gmt":"2019-02-26T16:51:16","guid":{"rendered":"https:\/\/www.tantra-spirit.fr\/temoignages\/"},"modified":"2019-03-15T15:59:35","modified_gmt":"2019-03-15T14:59:35","slug":"testimonies","status":"publish","type":"page","link":"https:\/\/www.tantra-spirit.fr\/en\/testimonies\/","title":{"rendered":"Testimonies"},"content":{"rendered":"<p>[vc_section css=&#8221;.vc_custom_1551201284635{padding-bottom: 0px !important;}&#8221;][vc_row css=&#8221;.vc_custom_1551201218270{padding-bottom: 0px !important;}&#8221;][vc_column css=&#8221;.vc_custom_1551201224097{padding-bottom: 0px !important;}&#8221;]<div id=\"qtSliderOuter69f1dfb5c45a8\" class=\"wpb_content_element  vc_custom_1552661973513\"> <style type=\"text\/css\"> #qtSliderOuter69f1dfb5c45a8 .ut-next-gallery-slide { color: #ffffff;}#qtSliderOuter69f1dfb5c45a8 .ut-prev-gallery-slide { color: #ffffff;} #qtSliderOuter69f1dfb5c45a8 .ut-next-gallery-slide:hover { color: #a2162d;}#qtSliderOuter69f1dfb5c45a8 .ut-prev-gallery-slide:hover { color: #a2162d;} #qtSliderOuter69f1dfb5c45a8 .ut-next-gallery-slide { background: transparent;}#qtSliderOuter69f1dfb5c45a8 .ut-prev-gallery-slide { background: transparent;} #qtSliderOuter69f1dfb5c45a8 .ut-next-gallery-slide:hover { background: transparent;}#qtSliderOuter69f1dfb5c45a8 .ut-prev-gallery-slide:hover { background: transparent;} #qtSliderOuter69f1dfb5c45a8 .bklyn-testimonials-author { color: #a2162d;} #qtSliderOuter69f1dfb5c45a8 .bklyn-testimonials-quote { color: #ffffff;} #qtSliderOuter69f1dfb5c45a8 .bklyn-testimonials-origin { font-weight: normal; }#qtSliderOuter69f1dfb5c45a8 .bklyn-testimonials-quote p { font-family: \"Roboto\";font-weight:400;font-style:italic;font-size:14px;line-height:1.5; } <\/style><div class=\"ut-bkly-qt-rotator \"><div id=\"qtSlider_69f1dfb5c45a7\" class=\"owl-carousel\" data-settings=\"{&quot;items&quot;:1,&quot;smartSpeed&quot;:600,&quot;lazyLoad&quot;:true,&quot;autoplay&quot;:true,&quot;autoplayTimeout&quot;:&quot;16000&quot;,&quot;loop&quot;:true,&quot;nav&quot;:false,&quot;dots&quot;:false}\"><div class=\"ut-bkly-qt-slide bkly-testimonials-style1\"><div class=\"bklyn-testimonials-quote\"><p>En qu\u00eate d&#8217;Absolu, le Tantra se pr\u00e9sente sur le chemin. Sous le toucher bienveillant de l&#8217;Autre, la peau devient mappemonde, voyage int\u00e9rieur, voyage des sens, recueil d&#8217;histoire personnelle. La peau s&#8217;\u00e9veille, se rappelle ; les souvenirs accourent. Puis d&#8217;autres portes se r\u00e9v\u00e8lent et s&#8217;ouvrent pour chasser et transformer les fant\u00f4mes du pass\u00e9. Un autre monde appara\u00eet, fait \u00e0 la fois de compr\u00e9hension et de questions. D&#8217;autres possibilit\u00e9s se pr\u00e9sentent, l\u2019horizon s&#8217;\u00e9largit. Dans un \u00e9tat modifi\u00e9 de conscience, le Tantra est au corps ce que la m\u00e9ditation est \u00e0 l&#8217;esprit, une ouverture sur l&#8217;Infini. Le trait d&#8217;union est fait.<\/p>\n<\/div><div class=\"bklyn-about-testimonials-author\"><h3 class=\"bklyn-testimonials-author\">Cam\u00e9lia<\/h3><\/div><\/div><div class=\"ut-bkly-qt-slide bkly-testimonials-style1\"><div class=\"bklyn-testimonials-quote\"><p>Voil\u00e0 plus de deux ans que Beno\u00eet et moi faisons des s\u00e9ances mensuelles ensemble, ses comp\u00e9tences et sa bienveillance sont \u00e0 la mesure du bien qu&#8217;il m&#8217;a fait et qu&#8217;il continue \u00e0 me faire, ses soins sont non seulement tr\u00e8s agr\u00e9ables mais aussi th\u00e9rapeutiques en me proposant -toujours dans la bienveillance- des exercices toujours diff\u00e9rents et dans le but de me faire progresser dans l&#8217;acceptation de moi-m\u00eame et de mon corps et pour m&#8217;aider \u00e0 avancer et laisser tomber les barri\u00e8res que je me suis impos\u00e9es. Il a une grande \u00e9coute du corps de l&#8217;autre et per\u00e7oit ses besoins, tout en douceur, humilit\u00e9 et don total de lui-m\u00eame pendant ces parenth\u00e8ses absolument merveilleuses. Je recommande vivement, vous ne regretterez pas !<\/p>\n<\/div><div class=\"bklyn-about-testimonials-author\"><h3 class=\"bklyn-testimonials-author\">Brigitte<\/h3><\/div><\/div><div class=\"ut-bkly-qt-slide bkly-testimonials-style1\"><div class=\"bklyn-testimonials-quote\"><p>Merci Beno\u00eet , tes massage tantriques me permettent d&#8217;\u00eatre mieux dans mon corps, de l\u00e2cher prise et de me concentrer sur ce qui est important pour mon \u00e9quilibre. Un bel \u00e9change, merci pour cette belle \u00e9nergie que tu partages.<\/p>\n<\/div><div class=\"bklyn-about-testimonials-author\"><h3 class=\"bklyn-testimonials-author\">Franck<\/h3><\/div><\/div><div class=\"ut-bkly-qt-slide bkly-testimonials-style1\"><div class=\"bklyn-testimonials-quote\"><p>C&#8217;est Beno\u00eet qui m&#8217;a initi\u00e9 au tantra. Sans son empathie naturelle et sa bienveillance je n&#8217;aurai jamais os\u00e9 franchir le cap du tantrisme. Il a su dans un cadre totalement s\u00e9curis\u00e9 me faire d\u00e9couvrir un nouveau monde riche d&#8217;exp\u00e9riences nouvelles. Il a r\u00e9ussi \u00e0 me faire &#8220;lacher prise&#8221;, d\u00e9couvrir des aspects inconnus de moi-m\u00eame ignor\u00e9s jusqu&#8217;alors. Chaque s\u00e9ance assure un partage d&#8217;\u00e9nergie positive permettant d&#8217;appr\u00e9hender la vie avec plus de s\u00e9r\u00e9nit\u00e9. Je conseille aussi vivement \u00e0 tous ceux qui veulent d\u00e9velopper leur spiritualit\u00e9 dans le bonheur de suivre les ateliers d&#8217;\u00e9panouissement personnel de Beno\u00eet. Ils en sortiront diff\u00e9rents et grandis. <\/p>\n<\/div><div class=\"bklyn-about-testimonials-author\"><h3 class=\"bklyn-testimonials-author\">Pierre<\/h3><\/div><\/div><div class=\"ut-bkly-qt-slide bkly-testimonials-style1\"><div class=\"bklyn-testimonials-quote\"><p>I had been visiting this place for a while for the male grooming when Beno\u00eet asked me if I would be interested in a Tantra massage. This was something new to me and I was a little bit nervous about it but I fully trusted Beno\u00eet, so I agreed. It was an experience that I found totally unique. The more times I went the more I let myself go, relax and drift off. The way Beno\u00eet slowly draws you out, the way he gets you to totally let go and drift of in mind and body is fantastic. I would highly recommend anyone who is interested in a Tantra Massage to see Beno\u00eet and try it, it is an experience you would not forget. <\/p>\n<\/div><div class=\"bklyn-about-testimonials-author\"><h3 class=\"bklyn-testimonials-author\">Gary<\/h3><\/div><\/div><\/div><a href=\"#\" data-for=\"qtSlider_69f1dfb5c45a7\" class=\"ut-prev-gallery-slide\"><i class=\"Bklyn-Core-Left-2\"><\/i><\/a><a href=\"#\" data-for=\"qtSlider_69f1dfb5c45a7\" class=\"ut-next-gallery-slide\"><i class=\"Bklyn-Core-Right-2\"><\/i><\/a><\/div><\/div>[\/vc_column][\/vc_row][\/vc_section]<\/p>\n","protected":false},"excerpt":{"rendered":"<p>[vc_section css=&#8221;.vc_custom_1551201284635{padding-bottom: 0px !important;}&#8221;][vc_row css=&#8221;.vc_custom_1551201218270{padding-bottom: 0px !important;}&#8221;][vc_column css=&#8221;.vc_custom_1551201224097{padding-bottom: 0px !important;}&#8221;][\/vc_column][\/vc_row][\/vc_section]<\/p>\n","protected":false},"author":1,"featured_media":0,"parent":0,"menu_order":0,"comment_status":"closed","ping_status":"closed","template":"","meta":{"footnotes":""},"class_list":["post-185","page","type-page","status-publish","hentry"],"_links":{"self":[{"href":"https:\/\/www.tantra-spirit.fr\/en\/wp-json\/wp\/v2\/pages\/185","targetHints":{"allow":["GET"]}}],"collection":[{"href":"https:\/\/www.tantra-spirit.fr\/en\/wp-json\/wp\/v2\/pages"}],"about":[{"href":"https:\/\/www.tantra-spirit.fr\/en\/wp-json\/wp\/v2\/types\/page"}],"author":[{"embeddable":true,"href":"https:\/\/www.tantra-spirit.fr\/en\/wp-json\/wp\/v2\/users\/1"}],"replies":[{"embeddable":true,"href":"https:\/\/www.tantra-spirit.fr\/en\/wp-json\/wp\/v2\/comments?post=185"}],"version-history":[{"count":8,"href":"https:\/\/www.tantra-spirit.fr\/en\/wp-json\/wp\/v2\/pages\/185\/revisions"}],"predecessor-version":[{"id":291,"href":"https:\/\/www.tantra-spirit.fr\/en\/wp-json\/wp\/v2\/pages\/185\/revisions\/291"}],"wp:attachment":[{"href":"https:\/\/www.tantra-spirit.fr\/en\/wp-json\/wp\/v2\/media?parent=185"}],"curies":[{"name":"wp","href":"https:\/\/api.w.org\/{rel}","templated":true}]}}